{"id":200,"date":"2020-08-17T04:37:04","date_gmt":"2020-08-17T04:37:04","guid":{"rendered":"http:\/\/sgi.isfic.ac.mz\/?page_id=200"},"modified":"2023-01-08T22:48:58","modified_gmt":"2023-01-08T20:48:58","slug":"about-us","status":"publish","type":"page","link":"https:\/\/sgi.isfic.ac.mz\/?page_id=200","title":{"rendered":"About Us"},"content":{"rendered":"\n<div class=\"wp-block-bwgb-group bwgb-group mb-5 space-bottom-lg-3\" id=\"bwgb-bf373b7\">\n<figure class=\"wp-block-image size-full\"><img loading=\"lazy\" decoding=\"async\" width=\"1920\" height=\"650\" src=\"http:\/\/sgi.isfic.ac.mz\/wp-content\/uploads\/2020\/08\/about-1.jpg\" alt=\"\" class=\"wp-image-2749\" srcset=\"https:\/\/sgi.isfic.ac.mz\/wp-content\/uploads\/2020\/08\/about-1.jpg 1920w, https:\/\/sgi.isfic.ac.mz\/wp-content\/uploads\/2020\/08\/about-1-300x102.jpg 300w, https:\/\/sgi.isfic.ac.mz\/wp-content\/uploads\/2020\/08\/about-1-1024x347.jpg 1024w, https:\/\/sgi.isfic.ac.mz\/wp-content\/uploads\/2020\/08\/about-1-768x260.jpg 768w, https:\/\/sgi.isfic.ac.mz\/wp-content\/uploads\/2020\/08\/about-1-1536x520.jpg 1536w\" sizes=\"auto, (max-width: 1920px) 100vw, 1920px\" \/><\/figure>\n\n\n\n<div class=\"wp-block-bwgb-columns bwgb-columns bwgb-bbadef2\" id=\"bwgb-bbadef2\"><div class=\"container\"><div class=\"wp-block-bwgb-columns__row row mb-lg-8\">\n<div class=\"wp-block-bwgb-column bwgb-column mx-auto bg-white mt-n10 mt-md-n13 pt-5 pt-lg-7 px-3 px-md-5 pl-xl-10 pr-xl-4 bwgb-341981c col-sm-12 col-md-12 col-lg-12 col-xl-9\" id=\"bwgb-341981c\">\n<div class=\"wp-block-bwgb-group bwgb-group mb-4 mb-lg-7 ml-xl-4\" id=\"bwgb-aaa2b8e\">\n<h2 class=\"font-weight medium font-size-10 mb-4 mb-lg-7 wp-block-heading\">Reposit\u00f3rio do ISFIC<\/h2>\n<\/div>\n\n\n\n<div class=\"wp-block-bwgb-group bwgb-group mb-4 pb-xl-1 ml-xl-4\" id=\"bwgb-ead95a6\">\n<p class=\"font-size-2\">O Reposit\u00f3rio Institucional do Instituto Superior de forma\u00e7\u00e3o Investiga\u00e7\u00e3o e ci\u00eancia tem como objectivo armazenar, preservar, divulgar e promover o acesso aberto \u00e0 produ\u00e7\u00e3o cient\u00edfica e acad\u00eamica, contribuindo deste modo para o aumento da sua visibilidade, impacto e garantia da preserva\u00e7\u00e3o da mem\u00f3ria intelectual da institui\u00e7\u00e3o..<\/p>\n<\/div>\n<\/div>\n<\/div><\/div><\/div>\n<\/div>\n","protected":false},"excerpt":{"rendered":"","protected":false},"author":1,"featured_media":0,"parent":0,"menu_order":0,"comment_status":"closed","ping_status":"closed","template":"","meta":{"content-type":"","_body_classes":"bookworm-page-template about-template","_disable_container":true,"_hide_page_header":false,"_hide_page_breadcrumb":true,"_header_style":"","_is_custom_header":false,"_header_static_content_id":0,"_footer_style":"","_is_custom_footer":false,"_footer_static_content_id":0,"footnotes":""},"class_list":["post-200","page","type-page","status-publish","hentry"],"_links":{"self":[{"href":"https:\/\/sgi.isfic.ac.mz\/index.php?rest_route=\/wp\/v2\/pages\/200","targetHints":{"allow":["GET"]}}],"collection":[{"href":"https:\/\/sgi.isfic.ac.mz\/index.php?rest_route=\/wp\/v2\/pages"}],"about":[{"href":"https:\/\/sgi.isfic.ac.mz\/index.php?rest_route=\/wp\/v2\/types\/page"}],"author":[{"embeddable":true,"href":"https:\/\/sgi.isfic.ac.mz\/index.php?rest_route=\/wp\/v2\/users\/1"}],"replies":[{"embeddable":true,"href":"https:\/\/sgi.isfic.ac.mz\/index.php?rest_route=%2Fwp%2Fv2%2Fcomments&post=200"}],"version-history":[{"count":4,"href":"https:\/\/sgi.isfic.ac.mz\/index.php?rest_route=\/wp\/v2\/pages\/200\/revisions"}],"predecessor-version":[{"id":3018,"href":"https:\/\/sgi.isfic.ac.mz\/index.php?rest_route=\/wp\/v2\/pages\/200\/revisions\/3018"}],"wp:attachment":[{"href":"https:\/\/sgi.isfic.ac.mz\/index.php?rest_route=%2Fwp%2Fv2%2Fmedia&parent=200"}],"curies":[{"name":"wp","href":"https:\/\/api.w.org\/{rel}","templated":true}]}}