{"id":3019,"date":"2023-01-08T23:04:03","date_gmt":"2023-01-08T21:04:03","guid":{"rendered":"http:\/\/sgi.isfic.ac.mz\/?post_type=product&#038;p=3019"},"modified":"2023-01-08T23:04:03","modified_gmt":"2023-01-08T21:04:03","slug":"doutrina-do-direito-immanuel-kant","status":"publish","type":"product","link":"https:\/\/sgi.isfic.ac.mz\/?product=doutrina-do-direito-immanuel-kant","title":{"rendered":"Doutrina do Direito \u2013 Immanuel Kant"},"content":{"rendered":"<p>\u201cO fil\u00f3sofo Immanuel Kant \u00e9 mais conhecido por suas obras Cr\u00edtica da Raz\u00e3o Pura (1781), Cr\u00edtica da Raz\u00e3o Pr\u00e1tica e Cr\u00edtica do Ju\u00edzo (1788-91). Mas, entre a primeira Cr\u00edtica e a segunda, em 1785, escreveu Fundamentos da Metaf\u00edsica dos Costumes, em que coloca as bases de uma \u00e9tica em conson\u00e2ncia com sua metodologia cr\u00edtica, abrindo caminho para um estudo do Direito e da Moral. Somente em 1797 veio a lume a primeira parte da Metaf\u00edsica dos Costumes com o nome de Doutrina do Direito, que ora damos ao p\u00fablico brasileiro, em primorosa tradu\u00e7\u00e3o, bem cuidada e confrontada com o que de mais exato reinterpretam os melhores comentadores do fil\u00f3sofo de Koenigsberg. Em suma, a obra agora dada \u00e0 publica\u00e7\u00e3o \u00e9 um livro obrigat\u00f3rio para todos que pretendem realizar um estudo s\u00e9rio do modelo jur\u00eddico-liberal, vale dizer do Direito atual entre n\u00f3s, em suas bases mais profundas, desde que se leia com esp\u00edrito cr\u00edtico, lembrando que Kant \u00e9 um homem do s\u00e9culo XVIII, do individualismo e da luta contra as formas diversas de despotismo, a que falta a vis\u00e3o do social que Comte, Hegel e Marx iriam destacar no s\u00e9culo XIX, a partir dele e dialeticamente negando o e superando seu sistema para construir uma sociedade ainda mais justa.\u201d Cl\u00e1udio de Cicco<\/p>\n","protected":false},"excerpt":{"rendered":"<p>\u201cO fil\u00f3sofo Immanuel Kant \u00e9 mais conhecido por suas obras Cr\u00edtica da Raz\u00e3o Pura (1781), Cr\u00edtica da Raz\u00e3o Pr\u00e1tica e Cr\u00edtica do Ju\u00edzo (1788-91). Mas, entre a primeira Cr\u00edtica e a segunda, em 1785, escreveu Fundamentos da Metaf\u00edsica dos Costumes, em que coloca as bases de uma \u00e9tica em conson\u00e2ncia com sua metodologia cr\u00edtica, abrindo caminho para um estudo do Direito e da Moral. Somente em 1797 veio a lume a primeira parte da Metaf\u00edsica dos Costumes com o nome de Doutrina do Direito, que ora damos ao p\u00fablico brasileiro, em primorosa tradu\u00e7\u00e3o, bem cuidada e confrontada com o que de mais exato reinterpretam os melhores comentadores do fil\u00f3sofo de Koenigsberg. Em suma, a obra agora dada \u00e0 publica\u00e7\u00e3o \u00e9 um livro obrigat\u00f3rio para todos que pretendem realizar um estudo s\u00e9rio do modelo jur\u00eddico-liberal, vale dizer do Direito atual entre n\u00f3s, em suas bases mais profundas, desde que se leia com esp\u00edrito cr\u00edtico, lembrando que Kant \u00e9 um homem do s\u00e9culo XVIII, do individualismo e da luta contra as formas diversas de despotismo, a que falta a vis\u00e3o do social que Comte, Hegel e Marx iriam destacar no s\u00e9culo XIX, a partir dele e dialeticamente negando o e superando seu sistema para construir uma sociedade ainda mais justa.\u201d Cl\u00e1udio de Cicco.<\/p>\n","protected":false},"featured_media":3020,"template":"","meta":{"content-type":""},"product_cat":[170],"product_tag":[],"class_list":{"0":"post-3019","1":"product","2":"type-product","3":"status-publish","4":"has-post-thumbnail","6":"product_cat-direito","7":"pa_book-author-immanuel-kant","9":"first","10":"instock","11":"downloadable","12":"virtual","13":"product-type-simple"},"_links":{"self":[{"href":"https:\/\/sgi.isfic.ac.mz\/index.php?rest_route=\/wp\/v2\/product\/3019","targetHints":{"allow":["GET"]}}],"collection":[{"href":"https:\/\/sgi.isfic.ac.mz\/index.php?rest_route=\/wp\/v2\/product"}],"about":[{"href":"https:\/\/sgi.isfic.ac.mz\/index.php?rest_route=\/wp\/v2\/types\/product"}],"wp:featuredmedia":[{"embeddable":true,"href":"https:\/\/sgi.isfic.ac.mz\/index.php?rest_route=\/wp\/v2\/media\/3020"}],"wp:attachment":[{"href":"https:\/\/sgi.isfic.ac.mz\/index.php?rest_route=%2Fwp%2Fv2%2Fmedia&parent=3019"}],"wp:term":[{"taxonomy":"product_cat","embeddable":true,"href":"https:\/\/sgi.isfic.ac.mz\/index.php?rest_route=%2Fwp%2Fv2%2Fproduct_cat&post=3019"},{"taxonomy":"product_tag","embeddable":true,"href":"https:\/\/sgi.isfic.ac.mz\/index.php?rest_route=%2Fwp%2Fv2%2Fproduct_tag&post=3019"}],"curies":[{"name":"wp","href":"https:\/\/api.w.org\/{rel}","templated":true}]}}